{"id":1986,"date":"2023-10-17T23:42:06","date_gmt":"2023-10-17T21:42:06","guid":{"rendered":"https:\/\/paulbocquet.com\/?page_id=1986"},"modified":"2026-03-20T10:17:08","modified_gmt":"2026-03-20T10:17:08","slug":"bibliographie","status":"publish","type":"page","link":"https:\/\/paulbocquet.com\/index.php\/bibliographie\/","title":{"rendered":"Bibliographie"},"content":{"rendered":"<p>[et_pb_section fb_built=&#8221;1&#8243; admin_label=&#8221;section&#8221; _builder_version=&#8221;4.16&#8243; global_colors_info=&#8221;{}&#8221;][et_pb_row _builder_version=&#8221;4.23&#8243; _module_preset=&#8221;default&#8221; global_colors_info=&#8221;{}&#8221;][et_pb_column type=&#8221;4_4&#8243; _builder_version=&#8221;4.23&#8243; _module_preset=&#8221;default&#8221; global_colors_info=&#8221;{}&#8221;][et_pb_heading title=&#8221;OUVRAGES&#8221; _builder_version=&#8221;4.23&#8243; _module_preset=&#8221;default&#8221; title_font=&#8221;|800|||||||&#8221; title_font_size=&#8221;36px&#8221; global_colors_info=&#8221;{}&#8221;][\/et_pb_heading][\/et_pb_column][\/et_pb_row][et_pb_row _builder_version=&#8221;4.23&#8243; _module_preset=&#8221;default&#8221; global_colors_info=&#8221;{}&#8221;][et_pb_column type=&#8221;4_4&#8243; _builder_version=&#8221;4.23&#8243; _module_preset=&#8221;default&#8221; global_colors_info=&#8221;{}&#8221;][et_pb_heading title=&#8221;Paul Bocquet Catalogue et Oeuvre&#8221; _builder_version=&#8221;4.23&#8243; _module_preset=&#8221;default&#8221; title_font=&#8221;Cormorant Garamond|300|||||||&#8221; custom_margin=&#8221;||-2px|||&#8221; custom_padding=&#8221;0px|||||&#8221; global_colors_info=&#8221;{}&#8221;][\/et_pb_heading][et_pb_text _builder_version=&#8221;4.23&#8243; _module_preset=&#8221;default&#8221; global_colors_info=&#8221;{}&#8221;]<\/p>\n<p><span style=\"color: #666666; font-family: inherit;\">&#8211; Ren\u00e9 DRUART (1950)<\/span><\/p>\n<p>[\/et_pb_text][\/et_pb_column][\/et_pb_row][et_pb_row _builder_version=&#8221;4.23&#8243; _module_preset=&#8221;default&#8221; global_colors_info=&#8221;{}&#8221;][et_pb_column type=&#8221;4_4&#8243; _builder_version=&#8221;4.23&#8243; _module_preset=&#8221;default&#8221; global_colors_info=&#8221;{}&#8221;][et_pb_heading title=&#8221;Paul Bocquet Paysagiste champenois 1868-1947. Notes et souvenirs, III volumes&#8221; _builder_version=&#8221;4.23&#8243; _module_preset=&#8221;default&#8221; title_font=&#8221;Cormorant Garamond|300|||||||&#8221; custom_margin=&#8221;||-2px|||&#8221; custom_padding=&#8221;0px|||||&#8221; global_colors_info=&#8221;{}&#8221;][\/et_pb_heading][et_pb_text _builder_version=&#8221;4.23&#8243; _module_preset=&#8221;default&#8221; global_colors_info=&#8221;{}&#8221;]<\/p>\n<p>&#8211; Andr\u00e9 BOCQUET (1967)<\/p>\n<p>[\/et_pb_text][\/et_pb_column][\/et_pb_row][et_pb_row _builder_version=&#8221;4.23&#8243; _module_preset=&#8221;default&#8221; global_colors_info=&#8221;{}&#8221;][et_pb_column type=&#8221;4_4&#8243; _builder_version=&#8221;4.23&#8243; _module_preset=&#8221;default&#8221; global_colors_info=&#8221;{}&#8221;][et_pb_heading title=&#8221;Famille Bocquet &#8211; On n\u2019a pas le m\u00eame \u00e2ge mais on a tous le m\u00eame coeur&#8221; _builder_version=&#8221;4.23&#8243; _module_preset=&#8221;default&#8221; title_font=&#8221;Cormorant Garamond|300|||||||&#8221; custom_margin=&#8221;||-2px|||&#8221; custom_padding=&#8221;0px|||||&#8221; global_colors_info=&#8221;{}&#8221;][\/et_pb_heading][et_pb_text _builder_version=&#8221;4.23&#8243; _module_preset=&#8221;default&#8221; global_colors_info=&#8221;{}&#8221;]<\/p>\n<p><span style=\"color: #666666; font-family: inherit;\">&#8211; Florence BOCQUET &#8211; BONNEL (2008)<\/span><\/p>\n<p>[\/et_pb_text][\/et_pb_column][\/et_pb_row][et_pb_row _builder_version=&#8221;4.23&#8243; _module_preset=&#8221;default&#8221; global_colors_info=&#8221;{}&#8221;][et_pb_column type=&#8221;4_4&#8243; _builder_version=&#8221;4.23&#8243; _module_preset=&#8221;default&#8221; global_colors_info=&#8221;{}&#8221;][et_pb_heading title=&#8221;Paul Bocquet Photographies&#8221; _builder_version=&#8221;4.23&#8243; _module_preset=&#8221;default&#8221; title_font=&#8221;Cormorant Garamond|300|||||||&#8221; custom_margin=&#8221;||-2px|||&#8221; custom_padding=&#8221;0px|||||&#8221; global_colors_info=&#8221;{}&#8221;][\/et_pb_heading][et_pb_text _builder_version=&#8221;4.23&#8243; _module_preset=&#8221;default&#8221; global_colors_info=&#8221;{}&#8221;]<\/p>\n<p>&#8211; Florence BOCQUET &#8211; BONNEL (2011)<\/p>\n<p>[\/et_pb_text][\/et_pb_column][\/et_pb_row][et_pb_row _builder_version=&#8221;4.23&#8243; _module_preset=&#8221;default&#8221; global_colors_info=&#8221;{}&#8221;][et_pb_column type=&#8221;4_4&#8243; _builder_version=&#8221;4.23&#8243; _module_preset=&#8221;default&#8221; global_colors_info=&#8221;{}&#8221;][et_pb_heading title=&#8221;REFERENCES PHOTOGRAPHIQUES&#8221; _builder_version=&#8221;4.23&#8243; _module_preset=&#8221;default&#8221; title_font=&#8221;|800|||||||&#8221; title_font_size=&#8221;36px&#8221; hover_enabled=&#8221;0&#8243; global_colors_info=&#8221;{}&#8221; custom_margin=&#8221;|31px|||false|false&#8221; sticky_enabled=&#8221;0&#8243; custom_padding=&#8221;|1px||||&#8221;][\/et_pb_heading][\/et_pb_column][\/et_pb_row][et_pb_row _builder_version=&#8221;4.23&#8243; _module_preset=&#8221;default&#8221; global_colors_info=&#8221;{}&#8221;][et_pb_column type=&#8221;4_4&#8243; _builder_version=&#8221;4.23&#8243; _module_preset=&#8221;default&#8221; global_colors_info=&#8221;{}&#8221;][et_pb_heading title=&#8221;Hiver \u00e0 la Montagne de Reims&#8221; _builder_version=&#8221;4.23&#8243; _module_preset=&#8221;default&#8221; title_font=&#8221;Cormorant Garamond|300|||||||&#8221; custom_margin=&#8221;||-2px|||&#8221; custom_padding=&#8221;0px|||||&#8221; global_colors_info=&#8221;{}&#8221;][\/et_pb_heading][et_pb_text _builder_version=&#8221;4.23&#8243; _module_preset=&#8221;default&#8221; global_colors_info=&#8221;{}&#8221;]<\/p>\n<p><span style=\"color: #0a0a0a; font-family: inherit;\">&#8211;\u00a0Mus\u00e9e des\u00a0Beaux-Arts\u00a0de Reims (inv. 903.19.11)<\/span><\/p>\n<p>[\/et_pb_text][\/et_pb_column][\/et_pb_row][et_pb_row _builder_version=&#8221;4.23&#8243; _module_preset=&#8221;default&#8221; global_colors_info=&#8221;{}&#8221;][et_pb_column type=&#8221;4_4&#8243; _builder_version=&#8221;4.23&#8243; _module_preset=&#8221;default&#8221; global_colors_info=&#8221;{}&#8221;][et_pb_heading title=&#8221;Printemps en Lorraine&#8221; _builder_version=&#8221;4.23&#8243; _module_preset=&#8221;default&#8221; title_font=&#8221;Cormorant Garamond|300|||||||&#8221; custom_margin=&#8221;||-2px|||&#8221; custom_padding=&#8221;0px|||||&#8221; global_colors_info=&#8221;{}&#8221;][\/et_pb_heading][et_pb_text _builder_version=&#8221;4.23&#8243; _module_preset=&#8221;default&#8221; global_colors_info=&#8221;{}&#8221;]<\/p>\n<p><span style=\"color: #0a0a0a; font-family: inherit;\">&#8211; Mus\u00e9e des Beaux-Arts de Reims (inv. 898.24.1)<\/span><\/p>\n<p>[\/et_pb_text][\/et_pb_column][\/et_pb_row][et_pb_row _builder_version=&#8221;4.23&#8243; _module_preset=&#8221;default&#8221; global_colors_info=&#8221;{}&#8221;][et_pb_column type=&#8221;4_4&#8243; _builder_version=&#8221;4.23&#8243; _module_preset=&#8221;default&#8221; global_colors_info=&#8221;{}&#8221;][et_pb_heading title=&#8221;Bouleaux en hiver&#8221; _builder_version=&#8221;4.23&#8243; _module_preset=&#8221;default&#8221; title_font=&#8221;Cormorant Garamond|300|||||||&#8221; custom_margin=&#8221;||-2px|||&#8221; custom_padding=&#8221;0px|||||&#8221; global_colors_info=&#8221;{}&#8221;][\/et_pb_heading][et_pb_text _builder_version=&#8221;4.23&#8243; _module_preset=&#8221;default&#8221; custom_margin=&#8221;||-2px|||&#8221; custom_padding=&#8221;0px|||||&#8221; global_colors_info=&#8221;{}&#8221;]<\/p>\n<p><span style=\"color: #0a0a0a; font-family: inherit;\">&#8211;\u00a0Mus\u00e9e des\u00a0Beaux-Arts\u00a0de Reims (inv. 922.15.16)<\/span><\/p>\n<p>[\/et_pb_text][\/et_pb_column][\/et_pb_row][et_pb_row _builder_version=&#8221;4.23&#8243; _module_preset=&#8221;default&#8221; global_colors_info=&#8221;{}&#8221;][et_pb_column type=&#8221;4_4&#8243; _builder_version=&#8221;4.23&#8243; _module_preset=&#8221;default&#8221; global_colors_info=&#8221;{}&#8221;][et_pb_heading title=&#8221;Portrait du Dr. J.B Langlet&#8221; _builder_version=&#8221;4.23&#8243; _module_preset=&#8221;default&#8221; title_font=&#8221;Cormorant Garamond|300|||||||&#8221; custom_margin=&#8221;||-2px|||&#8221; custom_padding=&#8221;0px|||||&#8221; global_colors_info=&#8221;{}&#8221;][\/et_pb_heading][et_pb_text _builder_version=&#8221;4.23&#8243; _module_preset=&#8221;default&#8221; global_colors_info=&#8221;{}&#8221;]<\/p>\n<p><span style=\"color: #0a0a0a; font-family: inherit;\">&#8211;\u00a0Mus\u00e9e des\u00a0Beaux-Arts\u00a0de Reims (inv. 993.2.1)<\/span><\/p>\n<p>[\/et_pb_text][\/et_pb_column][\/et_pb_row][et_pb_row _builder_version=&#8221;4.23&#8243; _module_preset=&#8221;default&#8221; global_colors_info=&#8221;{}&#8221;][et_pb_column type=&#8221;4_4&#8243; _builder_version=&#8221;4.23&#8243; _module_preset=&#8221;default&#8221; global_colors_info=&#8221;{}&#8221;][et_pb_heading title=&#8221;Tournant de route en Soissonnais&#8221; _builder_version=&#8221;4.23&#8243; _module_preset=&#8221;default&#8221; title_font=&#8221;Cormorant Garamond|300|||||||&#8221; custom_margin=&#8221;||-2px|||&#8221; custom_padding=&#8221;0px|||||&#8221; global_colors_info=&#8221;{}&#8221;][\/et_pb_heading][et_pb_text _builder_version=&#8221;4.23&#8243; _module_preset=&#8221;default&#8221; global_colors_info=&#8221;{}&#8221;]<\/p>\n<p><span style=\"color: #0a0a0a; font-family: inherit;\">&#8211;\u00a0Mus\u00e9e des\u00a0Beaux-Arts\u00a0de Reims (inv. 908.15.1)<\/span><\/p>\n<p>[\/et_pb_text][\/et_pb_column][\/et_pb_row][et_pb_row _builder_version=&#8221;4.23&#8243; _module_preset=&#8221;default&#8221; global_colors_info=&#8221;{}&#8221;][et_pb_column type=&#8221;4_4&#8243; _builder_version=&#8221;4.23&#8243; _module_preset=&#8221;default&#8221; global_colors_info=&#8221;{}&#8221;][et_pb_heading title=&#8221;Temps d\u2019orage, vue de Reims&#8221; _builder_version=&#8221;4.23&#8243; _module_preset=&#8221;default&#8221; title_font=&#8221;Cormorant Garamond|300|||||||&#8221; custom_margin=&#8221;||-2px|||&#8221; custom_padding=&#8221;0px|||||&#8221; global_colors_info=&#8221;{}&#8221;][\/et_pb_heading][et_pb_text _builder_version=&#8221;4.23&#8243; _module_preset=&#8221;default&#8221; global_colors_info=&#8221;{}&#8221;]<\/p>\n<p><span style=\"color: #0a0a0a; font-family: inherit;\">&#8211;\u00a0Mus\u00e9e des\u00a0Beaux-Arts\u00a0de Reims (inv. 905.3.1)<\/span><\/p>\n<p>[\/et_pb_text][\/et_pb_column][\/et_pb_row][et_pb_row _builder_version=&#8221;4.23&#8243; _module_preset=&#8221;default&#8221; global_colors_info=&#8221;{}&#8221;][et_pb_column type=&#8221;4_4&#8243; _builder_version=&#8221;4.23&#8243; _module_preset=&#8221;default&#8221; global_colors_info=&#8221;{}&#8221;][et_pb_heading title=&#8221;Brume matinale \u00e0 Coeuvres&#8221; _builder_version=&#8221;4.23&#8243; _module_preset=&#8221;default&#8221; title_font=&#8221;Cormorant Garamond|300|||||||&#8221; custom_margin=&#8221;||-2px|||&#8221; custom_padding=&#8221;0px|||||&#8221; global_colors_info=&#8221;{}&#8221;][\/et_pb_heading][et_pb_text _builder_version=&#8221;4.23&#8243; _module_preset=&#8221;default&#8221; global_colors_info=&#8221;{}&#8221;]<\/p>\n<p><span style=\"color: #0a0a0a; font-family: inherit;\">&#8211;\u00a0Mus\u00e9e des\u00a0Beaux-Arts\u00a0de Reims (inv. 934.28.1)<\/span><\/p>\n<p>[\/et_pb_text][\/et_pb_column][\/et_pb_row][et_pb_row _builder_version=&#8221;4.23&#8243; _module_preset=&#8221;default&#8221; global_colors_info=&#8221;{}&#8221;][et_pb_column type=&#8221;4_4&#8243; _builder_version=&#8221;4.23&#8243; _module_preset=&#8221;default&#8221; global_colors_info=&#8221;{}&#8221;][et_pb_heading title=&#8221;Grisaille d\u2019hiver, La Vesle \u00e0 Jonchery\/Vesle&#8221; _builder_version=&#8221;4.23&#8243; _module_preset=&#8221;default&#8221; title_font=&#8221;Cormorant Garamond|300|||||||&#8221; custom_margin=&#8221;||-2px|||&#8221; custom_padding=&#8221;0px|||||&#8221; global_colors_info=&#8221;{}&#8221;][\/et_pb_heading][et_pb_text _builder_version=&#8221;4.23&#8243; _module_preset=&#8221;default&#8221; global_colors_info=&#8221;{}&#8221;]<\/p>\n<p><span style=\"color: #0a0a0a; font-family: inherit;\">&#8211;\u00a0Mus\u00e9e des\u00a0Beaux-Arts\u00a0de Reims (inv. 941.3.98)<\/span><\/p>\n<p>[\/et_pb_text][\/et_pb_column][\/et_pb_row][et_pb_row _builder_version=&#8221;4.23&#8243; _module_preset=&#8221;default&#8221; global_colors_info=&#8221;{}&#8221;][et_pb_column type=&#8221;4_4&#8243; _builder_version=&#8221;4.23&#8243; _module_preset=&#8221;default&#8221; global_colors_info=&#8221;{}&#8221;][et_pb_heading title=&#8221;Les bouleaux Campagne r\u00e9moise&#8221; _builder_version=&#8221;4.23&#8243; _module_preset=&#8221;default&#8221; title_font=&#8221;Cormorant Garamond|300|||||||&#8221; custom_margin=&#8221;||-2px|||&#8221; custom_padding=&#8221;0px|||||&#8221; global_colors_info=&#8221;{}&#8221;][\/et_pb_heading][et_pb_text _builder_version=&#8221;4.23&#8243; _module_preset=&#8221;default&#8221; global_colors_info=&#8221;{}&#8221;]<\/p>\n<p><span style=\"color: #0a0a0a; font-family: inherit;\">&#8211;\u00a0Mus\u00e9e d&#8217;Orsay\u00a0de Paris (inv. LUX 1416)<\/span><\/p>\n<p>[\/et_pb_text][\/et_pb_column][\/et_pb_row][et_pb_row _builder_version=&#8221;4.23&#8243; _module_preset=&#8221;default&#8221; global_colors_info=&#8221;{}&#8221;][et_pb_column type=&#8221;4_4&#8243; _builder_version=&#8221;4.23&#8243; _module_preset=&#8221;default&#8221; global_colors_info=&#8221;{}&#8221;][et_pb_heading title=&#8221;La Vesle en novembre \u00e0 Jonchery\/Vesle&#8221; _builder_version=&#8221;4.23&#8243; _module_preset=&#8221;default&#8221; title_font=&#8221;Cormorant Garamond|300|||||||&#8221; custom_margin=&#8221;||-2px|||&#8221; custom_padding=&#8221;0px|||||&#8221; global_colors_info=&#8221;{}&#8221;][\/et_pb_heading][et_pb_text _builder_version=&#8221;4.23&#8243; _module_preset=&#8221;default&#8221; global_colors_info=&#8221;{}&#8221;]<\/p>\n<p><span style=\"color: #0a0a0a; font-family: inherit;\">&#8211;\u00a0Mus\u00e9e des\u00a0Beaux-Arts\u00a0de Reims (inv. 912.5.1)<\/span><\/p>\n<p>[\/et_pb_text][\/et_pb_column][\/et_pb_row][\/et_pb_section][et_pb_section fb_built=&#8221;1&#8243; fullwidth=&#8221;on&#8221; _builder_version=&#8221;4.23&#8243; _module_preset=&#8221;default&#8221; global_colors_info=&#8221;{}&#8221;][et_pb_fullwidth_header title=&#8221;CHALEUREUX REMERCIEMENTS&#8221; _builder_version=&#8221;4.23&#8243; _module_preset=&#8221;default&#8221; title_font=&#8221;|600|||||||&#8221; title_text_color=&#8221;#FFFFFF&#8221; content_text_color=&#8221;#FFFFFF&#8221; subhead_text_color=&#8221;#FFFFFF&#8221; global_colors_info=&#8221;{}&#8221;]<\/p>\n<p>Pour leur participation active et d\u00e9terminante \u00e0 la construction et \u00e0 la mise en page de ce site : Adrien RAMBAUD, Xavier GENET, et Florence BOCQUET &#8211; BONNEL.<\/p>\n<p>Merci \u00e9galement \u00e0 tous ceux qui ont particip\u00e9 avec affection \u00e0 l\u2019enrichissement pictural de cet espace de partage au monde de l&#8217;oeuvre de notre a\u00efeul : Sylvain BOCQUET, Julien BOCQUET, Fanny RAMBAUD, et Anne GENET, et les familles BONNEVILLE &#8211; BOCQUET, CENSIER &#8211; BOCQUET, FAYOLLE &#8211; BOCQUET (mes parents Olivier &amp; Chantal).<\/p>\n<p>[\/et_pb_fullwidth_header][\/et_pb_section]<\/p>\n","protected":false},"excerpt":{"rendered":"<p>&#8211; Ren\u00e9 DRUART (1950)- Andr\u00e9 BOCQUET (1967)- Florence BOCQUET &#8211; BONNEL (2008)- Florence BOCQUET &#8211; BONNEL (2011)-\u00a0Mus\u00e9e des\u00a0Beaux-Arts\u00a0de Reims (inv. 903.19.11)- Mus\u00e9e des Beaux-Arts de Reims (inv. 898.24.1)-\u00a0Mus\u00e9e des\u00a0Beaux-Arts\u00a0de Reims (inv. 922.15.16)-\u00a0Mus\u00e9e des\u00a0Beaux-Arts\u00a0de Reims (inv. 993.2.1)-\u00a0Mus\u00e9e des\u00a0Beaux-Arts\u00a0de Reims (inv. 908.15.1)-\u00a0Mus\u00e9e des\u00a0Beaux-Arts\u00a0de Reims (inv. 905.3.1)-\u00a0Mus\u00e9e des\u00a0Beaux-Arts\u00a0de Reims (inv. 934.28.1)-\u00a0Mus\u00e9e des\u00a0Beaux-Arts\u00a0de Reims (inv. 941.3.98)-\u00a0Mus\u00e9e d&#8217;Orsay\u00a0de Paris (inv. [&hellip;]<\/p>\n","protected":false},"author":2,"featured_media":0,"parent":0,"menu_order":0,"comment_status":"closed","ping_status":"closed","template":"","meta":{"_et_pb_use_builder":"on","_et_pb_old_content":"<!-- wp:group {\"align\":\"full\",\"style\":{\"spacing\":{\"margin\":{\"top\":\"0px\",\"bottom\":\"0px\"},\"padding\":{\"top\":\"30px\",\"bottom\":\"30px\"}}}} -->\n<div class=\"wp-block-group alignfull\" style=\"margin-top:0px;margin-bottom:0px;padding-top:30px;padding-bottom:30px\"><!-- wp:group {\"style\":{\"spacing\":{\"padding\":{\"top\":\"0vw\",\"bottom\":\"0vw\",\"right\":\"4vw\",\"left\":\"4vw\"}}},\"backgroundColor\":\"foreground\",\"textColor\":\"background\",\"className\":\"has-white-color\"} -->\n<div class=\"wp-block-group has-white-color has-background-color has-foreground-background-color has-text-color has-background\" style=\"padding-top:0vw;padding-right:4vw;padding-bottom:0vw;padding-left:4vw\"><!-- wp:paragraph {\"style\":{\"typography\":{\"fontSize\":\"52px\",\"lineHeight\":\".9\"}}} -->\n<p style=\"font-size:52px;line-height:.9\"><strong><strong><strong>Paul Bocquet<\/strong><\/strong> Catalogue et oeuvre<\/strong><br>1950.<\/p>\n<!-- \/wp:paragraph -->\n\n<!-- wp:paragraph -->\n<p>- Ren\u00e9 DRUART<\/p>\n<!-- \/wp:paragraph -->\n\n<!-- wp:paragraph -->\n<p><\/p>\n<!-- \/wp:paragraph -->\n\n<!-- wp:paragraph {\"style\":{\"typography\":{\"lineHeight\":\"0.9\",\"fontSize\":\"52px\"}}} -->\n<p style=\"font-size:52px;line-height:0.9\"><strong><strong>Paul Bocquet Paysagiste champenois 1868-1947.<\/strong><\/strong><br><strong><strong>Notes et souvenirs<\/strong><\/strong>,<br><strong><strong>III <\/strong>volumes<\/strong><br>1967.<\/p>\n<!-- \/wp:paragraph -->\n\n<!-- wp:paragraph -->\n<p>-<strong><strong>Andr\u00e9<\/strong><\/strong> BOCQUET<\/p>\n<!-- \/wp:paragraph -->\n\n<!-- wp:paragraph -->\n<p><\/p>\n<!-- \/wp:paragraph -->\n\n<!-- wp:paragraph {\"style\":{\"typography\":{\"fontSize\":\"52px\",\"lineHeight\":\".9\"}}} -->\n<p style=\"font-size:52px;line-height:.9\"><strong><strong><strong>Famille Bocquet<\/strong><\/strong><\/strong><br><strong>On n\u2019a pas le m\u00eame \u00e2ge mais on a tous le m\u00eame coeur<\/strong><br>2008.<\/p>\n<!-- \/wp:paragraph -->\n\n<!-- wp:paragraph -->\n<p>- Florence BOCQUET - BONNEL<\/p>\n<!-- \/wp:paragraph -->\n\n<!-- wp:paragraph -->\n<p><\/p>\n<!-- \/wp:paragraph -->\n\n<!-- wp:paragraph {\"style\":{\"typography\":{\"fontSize\":\"52px\",\"lineHeight\":\".9\"}}} -->\n<p style=\"font-size:52px;line-height:.9\"><strong><strong><strong>Paul Bocquet<\/strong><\/strong> Photographies<\/strong><br>2011.<\/p>\n<!-- \/wp:paragraph -->\n\n<!-- wp:paragraph -->\n<p>- Florence BOCQUET - BONNEL<\/p>\n<!-- \/wp:paragraph --><\/div>\n<!-- \/wp:group -->\n\n<!-- wp:columns {\"align\":\"wide\"} -->\n<div class=\"wp-block-columns alignwide\"><!-- wp:column {\"width\":\"100%\"} -->\n<div class=\"wp-block-column\" style=\"flex-basis:100%\"><!-- wp:heading {\"style\":{\"typography\":{\"fontStyle\":\"normal\",\"fontWeight\":\"200\"}},\"fontSize\":\"huge\"} -->\n<h2 class=\"wp-block-heading has-huge-font-size\" style=\"font-style:normal;font-weight:200\">REFERENCES PHOTOGRAPHIQUES<\/h2>\n<!-- \/wp:heading --><\/div>\n<!-- \/wp:column --><\/div>\n<!-- \/wp:columns -->\n\n<!-- wp:group {\"style\":{\"spacing\":{\"padding\":{\"top\":\"0vw\",\"bottom\":\"0vw\",\"right\":\"4vw\",\"left\":\"4vw\"}}},\"backgroundColor\":\"foreground\",\"textColor\":\"background\",\"className\":\"has-white-color\"} -->\n<div class=\"wp-block-group has-white-color has-background-color has-foreground-background-color has-text-color has-background\" style=\"padding-top:0vw;padding-right:4vw;padding-bottom:0vw;padding-left:4vw\"><!-- wp:paragraph {\"style\":{\"typography\":{\"fontSize\":\"48px\",\"lineHeight\":\".9\"}}} -->\n<p style=\"font-size:48px;line-height:.9\"><strong>Hiver<\/strong><br><strong>Montagne de Reims<\/strong><\/p>\n<!-- \/wp:paragraph -->\n\n<!-- wp:paragraph -->\n<p>-&nbsp;Mus\u00e9e des&nbsp;Beaux-Arts&nbsp;de Reims (inv. 903.19.11)<\/p>\n<!-- \/wp:paragraph -->\n\n<!-- wp:paragraph -->\n<p><\/p>\n<!-- \/wp:paragraph -->\n\n<!-- wp:paragraph {\"style\":{\"typography\":{\"fontSize\":\"48px\",\"lineHeight\":\".9\"}}} -->\n<p style=\"font-size:48px;line-height:.9\"><strong>Printemps<\/strong><br><strong>en Lorraine<\/strong><\/p>\n<!-- \/wp:paragraph -->\n\n<!-- wp:paragraph -->\n<p>-&nbsp;Mus\u00e9e des&nbsp;Beaux-Arts&nbsp;de Reims (inv. 898.24.1)<\/p>\n<!-- \/wp:paragraph -->\n\n<!-- wp:paragraph -->\n<p><\/p>\n<!-- \/wp:paragraph -->\n\n<!-- wp:paragraph {\"style\":{\"typography\":{\"fontSize\":\"48px\",\"lineHeight\":\".9\"}}} -->\n<p style=\"font-size:48px;line-height:.9\"><strong>Bouleaux en hiver<\/strong><\/p>\n<!-- \/wp:paragraph -->\n\n<!-- wp:paragraph -->\n<p>-&nbsp;Mus\u00e9e des&nbsp;Beaux-Arts&nbsp;de Reims (inv. 922.15.16)<\/p>\n<!-- \/wp:paragraph -->\n\n<!-- wp:paragraph -->\n<p><\/p>\n<!-- \/wp:paragraph -->\n\n<!-- wp:paragraph {\"style\":{\"typography\":{\"fontSize\":\"48px\",\"lineHeight\":\".9\"}}} -->\n<p style=\"font-size:48px;line-height:.9\"><strong>Portrait du<\/strong><br><strong>Dr. J.B Langlet<\/strong><\/p>\n<!-- \/wp:paragraph -->\n\n<!-- wp:paragraph -->\n<p>-&nbsp;Mus\u00e9e des&nbsp;Beaux-Arts&nbsp;de Reims (inv. 993.2.1)<\/p>\n<!-- \/wp:paragraph -->\n\n<!-- wp:paragraph -->\n<p><\/p>\n<!-- \/wp:paragraph -->\n\n<!-- wp:paragraph {\"style\":{\"typography\":{\"fontSize\":\"48px\",\"lineHeight\":\".9\"}}} -->\n<p style=\"font-size:48px;line-height:.9\"><strong>Tournant de route<\/strong><br><strong>en Soissonnais<\/strong><\/p>\n<!-- \/wp:paragraph -->\n\n<!-- wp:paragraph -->\n<p>-&nbsp;Mus\u00e9e des&nbsp;Beaux-Arts&nbsp;de Reims (inv. 908.15.1)<\/p>\n<!-- \/wp:paragraph -->\n\n<!-- wp:paragraph -->\n<p><\/p>\n<!-- \/wp:paragraph -->\n\n<!-- wp:paragraph {\"style\":{\"typography\":{\"fontSize\":\"48px\",\"lineHeight\":\".9\"}}} -->\n<p style=\"font-size:48px;line-height:.9\"><strong>Temps d\u2019orage<\/strong><br><strong>Vue de Reims<\/strong><\/p>\n<!-- \/wp:paragraph -->\n\n<!-- wp:paragraph -->\n<p>-&nbsp;Mus\u00e9e des&nbsp;Beaux-Arts&nbsp;de Reims (inv. 905.3.1)<\/p>\n<!-- \/wp:paragraph -->\n\n<!-- wp:paragraph -->\n<p><\/p>\n<!-- \/wp:paragraph -->\n\n<!-- wp:paragraph {\"style\":{\"typography\":{\"fontSize\":\"48px\",\"lineHeight\":\".9\"}}} -->\n<p style=\"font-size:48px;line-height:.9\"><strong>Brume matinale<\/strong><br><strong>\u00e0 Coeuvres<\/strong><\/p>\n<!-- \/wp:paragraph -->\n\n<!-- wp:paragraph -->\n<p>-&nbsp;Mus\u00e9e des&nbsp;Beaux-Arts&nbsp;de Reims (inv. 934.28.1)<\/p>\n<!-- \/wp:paragraph -->\n\n<!-- wp:paragraph -->\n<p><\/p>\n<!-- \/wp:paragraph -->\n\n<!-- wp:paragraph {\"style\":{\"typography\":{\"fontSize\":\"48px\",\"lineHeight\":\".9\"}}} -->\n<p style=\"font-size:48px;line-height:.9\"><strong>Grisaille d\u2019hiver<\/strong><br><strong>La Vesle<\/strong><br><strong>\u00e0 Jonchery\/Vesle<\/strong><\/p>\n<!-- \/wp:paragraph -->\n\n<!-- wp:paragraph -->\n<p>-&nbsp;Mus\u00e9e des&nbsp;Beaux-Arts&nbsp;de Reims (inv. 941.3.98)<\/p>\n<!-- \/wp:paragraph -->\n\n<!-- wp:paragraph -->\n<p><\/p>\n<!-- \/wp:paragraph -->\n\n<!-- wp:paragraph {\"style\":{\"typography\":{\"fontSize\":\"48px\",\"lineHeight\":\".9\"}}} -->\n<p style=\"font-size:48px;line-height:.9\"><strong>La Vesle en novembre \u00e0 Jonchery\/Vesle<\/strong><\/p>\n<!-- \/wp:paragraph -->\n\n<!-- wp:paragraph -->\n<p>-&nbsp;Mus\u00e9e des&nbsp;Beaux-Arts&nbsp;de Reims (inv. 912.5.1)<\/p>\n<!-- \/wp:paragraph -->\n\n<!-- wp:paragraph -->\n<p><\/p>\n<!-- \/wp:paragraph -->\n\n<!-- wp:paragraph {\"style\":{\"typography\":{\"fontSize\":\"48px\",\"lineHeight\":\".9\"}}} -->\n<p style=\"font-size:48px;line-height:.9\"><strong>Les bouleaux<\/strong><br><strong>Campagne r\u00e9moise<\/strong><\/p>\n<!-- \/wp:paragraph -->\n\n<!-- wp:paragraph -->\n<p>-&nbsp;Mus\u00e9e d'Orsay&nbsp;de Paris (inv. LUX 1416)<\/p>\n<!-- \/wp:paragraph --><\/div>\n<!-- \/wp:group --><\/div>\n<!-- \/wp:group -->\n\n<!-- wp:separator -->\n<hr class=\"wp-block-separator has-alpha-channel-opacity\" \/>\n<!-- \/wp:separator -->\n\n<!-- wp:spacer {\"height\":\"25px\"} -->\n<div style=\"height:25px\" aria-hidden=\"true\" class=\"wp-block-spacer\"><\/div>\n<!-- \/wp:spacer -->\n\n<!-- wp:paragraph {\"style\":{\"typography\":{\"fontSize\":72,\"lineHeight\":\".9\"},\"elements\":{\"link\":{\"color\":{\"text\":\"var:preset|color|gray\"}}}},\"textColor\":\"gray\"} -->\n<p class=\"has-gray-color has-text-color has-link-color\" style=\"font-size:72px;line-height:.9\"><strong>CHALEUREUX REMERCIEMENTS<\/strong><\/p>\n<!-- \/wp:paragraph -->\n\n<!-- wp:paragraph {\"style\":{\"elements\":{\"link\":{\"color\":{\"text\":\"var:preset|color|dark-gray\"}}}},\"textColor\":\"dark-gray\"} -->\n<p class=\"has-dark-gray-color has-text-color has-link-color\">Pour leur participation active et d\u00e9terminante \u00e0 la construction et \u00e0 la mise en page de ce site :<br>Adrien RAMBAUD, Xavier GENET, et Florence BOCQUET - BONNEL.<br><br>Merci \u00e9galement \u00e0 tous ceux qui ont particip\u00e9 avec affection \u00e0 l\u2019enrichissement pictural de cet espace de partage au monde de l'oeuvre de notre a\u00efeul : Sylvain BOCQUET, Julien BOCQUET,<br>Fanny RAMBAUD, et Anne GENET, et les familles<br>BONNEVILLE - BOCQUET, CENSIER - BOCQUET,<br>FAYOLLE - BOCQUET (mes parents Olivier &amp; Chantal).<\/p>\n<!-- \/wp:paragraph -->","_et_gb_content_width":"","footnotes":""},"class_list":["post-1986","page","type-page","status-publish","hentry"],"_links":{"self":[{"href":"https:\/\/paulbocquet.com\/index.php\/wp-json\/wp\/v2\/pages\/1986","targetHints":{"allow":["GET"]}}],"collection":[{"href":"https:\/\/paulbocquet.com\/index.php\/wp-json\/wp\/v2\/pages"}],"about":[{"href":"https:\/\/paulbocquet.com\/index.php\/wp-json\/wp\/v2\/types\/page"}],"author":[{"embeddable":true,"href":"https:\/\/paulbocquet.com\/index.php\/wp-json\/wp\/v2\/users\/2"}],"replies":[{"embeddable":true,"href":"https:\/\/paulbocquet.com\/index.php\/wp-json\/wp\/v2\/comments?post=1986"}],"version-history":[{"count":5,"href":"https:\/\/paulbocquet.com\/index.php\/wp-json\/wp\/v2\/pages\/1986\/revisions"}],"predecessor-version":[{"id":2944,"href":"https:\/\/paulbocquet.com\/index.php\/wp-json\/wp\/v2\/pages\/1986\/revisions\/2944"}],"wp:attachment":[{"href":"https:\/\/paulbocquet.com\/index.php\/wp-json\/wp\/v2\/media?parent=1986"}],"curies":[{"name":"wp","href":"https:\/\/api.w.org\/{rel}","templated":true}]}}