{"id":194,"date":"2023-05-19T17:37:38","date_gmt":"2023-05-19T15:37:38","guid":{"rendered":"https:\/\/paulbocquet.com\/?page_id=194"},"modified":"2026-03-22T21:33:06","modified_gmt":"2026-03-22T21:33:06","slug":"paysages-champenois","status":"publish","type":"page","link":"https:\/\/paulbocquet.com\/index.php\/oeuvre\/paysages-champenois\/","title":{"rendered":"Paysages champenois"},"content":{"rendered":"<p>[et_pb_section fb_built=&#8221;1&#8243; admin_label=&#8221;Projects&#8221; _builder_version=&#8221;4.23&#8243; _module_preset=&#8221;default&#8221; custom_padding=&#8221;1px||0px|||&#8221; locked=&#8221;off&#8221; collapsed=&#8221;on&#8221; global_colors_info=&#8221;{}&#8221;][et_pb_row _builder_version=&#8221;4.20.0&#8243; _module_preset=&#8221;default&#8221; global_colors_info=&#8221;{}&#8221;][et_pb_column type=&#8221;4_4&#8243; _builder_version=&#8221;4.20.0&#8243; _module_preset=&#8221;default&#8221; global_colors_info=&#8221;{}&#8221;][et_pb_text _builder_version=&#8221;4.20.0&#8243; _module_preset=&#8221;14503544-8fb6-470c-b494-4d02555e5ceb&#8221; global_colors_info=&#8221;{}&#8221;]<\/p>\n<h1>Les Paysages Champenois<\/h1>\n<p>[\/et_pb_text][\/et_pb_column][\/et_pb_row][et_pb_row column_structure=&#8221;1_2,1_2&#8243; _builder_version=&#8221;4.23&#8243; _module_preset=&#8221;default&#8221; custom_padding=&#8221;||0px|||&#8221; scroll_fade_enable=&#8221;on&#8221; scroll_fade=&#8221;14|59|59|100|0|100|100&#8243; global_colors_info=&#8221;{}&#8221;][et_pb_column type=&#8221;1_2&#8243; _builder_version=&#8221;4.20.0&#8243; _module_preset=&#8221;default&#8221; custom_padding_tablet=&#8221;||30px||false|false&#8221; custom_padding_phone=&#8221;||30px||false|false&#8221; custom_padding_last_edited=&#8221;on|tablet&#8221; global_colors_info=&#8221;{}&#8221;][et_pb_image src=&#8221;https:\/\/paulbocquet.com\/wp-content\/uploads\/2023\/01\/la-vesle-a-jonchery-1928-1895-x-1545-cm.jpg&#8221; alt=&#8221;La Vesle a\u0300 Jonchery, 1928 (Huile sur toile, 189,5 x 154,5 cm)&#8221; title_text=&#8221;La Vesle a\u0300 Jonchery&#8221; url=&#8221;@ET-DC@eyJkeW5hbWljIjp0cnVlLCJjb250ZW50IjoicG9zdF9saW5rX3VybF9wYWdlIiwic2V0dGluZ3MiOnsicG9zdF9pZCI6IjE3NSJ9fQ==@&#8221; use_overlay=&#8221;on&#8221; overlay_icon_color=&#8221;gcid-695690f7-1400-435d-ab5d-81e5d8a43692&#8243; hover_overlay_color=&#8221;rgba(255,255,255,0.21)&#8221; hover_icon=&#8221;&#xe050;||divi||400&#8243; force_fullwidth=&#8221;on&#8221; _builder_version=&#8221;4.23&#8243; _dynamic_attributes=&#8221;url&#8221; _module_preset=&#8221;default&#8221; background_color=&#8221;rgba(0,0,0,0.04)&#8221; max_height=&#8221;1000px&#8221; custom_margin=&#8221;||||false|false&#8221; box_shadow_style=&#8221;preset1&#8243; box_shadow_color=&#8221;gcid-e6f8585f-043d-4f05-ad96-fb05b9e45208&#8243; global_colors_info=&#8221;{%22gcid-695690f7-1400-435d-ab5d-81e5d8a43692%22:%91%22overlay_icon_color%22%93,%22gcid-e6f8585f-043d-4f05-ad96-fb05b9e45208%22:%91%22box_shadow_color%22%93}&#8221; custom_padding__hover_enabled=&#8221;off|hover&#8221; custom_padding__hover=&#8221;50px|50px|50px|50px|true|true&#8221; box_shadow_vertical__hover_enabled=&#8221;off|hover&#8221; box_shadow_blur__hover_enabled=&#8221;off|hover&#8221; box_shadow_blur__hover=&#8221;0px&#8221; box_shadow_color__hover_enabled=&#8221;off|hover&#8221; box_shadow_color__hover=&#8221;rgba(0,0,0,0.3)&#8221; custom_margin__hover_enabled=&#8221;off|hover&#8221; custom_margin__hover=&#8221;||62px||false|false&#8221; transform_styles__hover_enabled=&#8221;on|hover&#8221; transform_scale__hover_enabled=&#8221;on|hover&#8221; transform_translate__hover_enabled=&#8221;on|desktop&#8221; transform_rotate__hover_enabled=&#8221;on|desktop&#8221; transform_skew__hover_enabled=&#8221;on|desktop&#8221; transform_origin__hover_enabled=&#8221;on|desktop&#8221; transform_scale__hover=&#8221;90%|90%&#8221; box_shadow_spread__hover_enabled=&#8221;on|desktop&#8221; box_shadow_spread__hover=&#8221;30px&#8221;][\/et_pb_image][et_pb_text _builder_version=&#8221;4.23&#8243; _module_preset=&#8221;10f43538-6144-4b58-95bd-e27169fecec2&#8243; custom_margin=&#8221;||10px||false|false&#8221; global_colors_info=&#8221;{}&#8221;]<\/p>\n<h4>La Vesle<\/h4>\n<p>[\/et_pb_text][\/et_pb_column][et_pb_column type=&#8221;1_2&#8243; _builder_version=&#8221;4.20.0&#8243; _module_preset=&#8221;default&#8221; global_colors_info=&#8221;{}&#8221;][et_pb_image src=&#8221;https:\/\/paulbocquet.com\/wp-content\/uploads\/2023\/09\/reims_temps-dorage-pres-de-courlancy-1901-ou-1941-huile-sur-toile-463-x-552-cm.jpg&#8221; alt=&#8221;Temps d&#8217;orage pre\u0300s de Courlancy, 1901 ou 1941 (Huile sur toile, 46,3 x 55,2 cm)&#8221; title_text=&#8221;Temps d&#8217;orage pre\u0300s de Courlancy&#8221; url=&#8221;@ET-DC@eyJkeW5hbWljIjp0cnVlLCJjb250ZW50IjoicG9zdF9saW5rX3VybF9wYWdlIiwic2V0dGluZ3MiOnsicG9zdF9pZCI6IjEwNzEifX0=@&#8221; use_overlay=&#8221;on&#8221; overlay_icon_color=&#8221;gcid-695690f7-1400-435d-ab5d-81e5d8a43692&#8243; hover_overlay_color=&#8221;rgba(255,255,255,0.21)&#8221; hover_icon=&#8221;&#xe050;||divi||400&#8243; force_fullwidth=&#8221;on&#8221; _builder_version=&#8221;4.23&#8243; _dynamic_attributes=&#8221;url&#8221; _module_preset=&#8221;default&#8221; background_color=&#8221;rgba(0,0,0,0.04)&#8221; max_height=&#8221;1000px&#8221; custom_margin=&#8221;||||false|false&#8221; box_shadow_style=&#8221;preset1&#8243; box_shadow_color=&#8221;gcid-e6f8585f-043d-4f05-ad96-fb05b9e45208&#8243; global_colors_info=&#8221;{%22gcid-695690f7-1400-435d-ab5d-81e5d8a43692%22:%91%22overlay_icon_color%22,%22overlay_icon_color%22,%22overlay_icon_color%22%93,%22gcid-e6f8585f-043d-4f05-ad96-fb05b9e45208%22:%91%22box_shadow_color%22,%22box_shadow_color%22%93}&#8221; transform_styles__hover_enabled=&#8221;on|hover&#8221; box_shadow_spread__hover=&#8221;30px&#8221; box_shadow_spread__hover_enabled=&#8221;on|desktop&#8221; transform_scale__hover=&#8221;90%|90%&#8221; transform_scale__hover_enabled=&#8221;on|hover&#8221; transform_translate__hover_enabled=&#8221;on|desktop&#8221; transform_rotate__hover_enabled=&#8221;on|desktop&#8221; transform_skew__hover_enabled=&#8221;on|desktop&#8221; transform_origin__hover_enabled=&#8221;on|desktop&#8221;][\/et_pb_image][et_pb_text _builder_version=&#8221;4.23&#8243; _module_preset=&#8221;10f43538-6144-4b58-95bd-e27169fecec2&#8243; max_height=&#8221;1000px&#8221; custom_margin=&#8221;||||false|false&#8221; global_colors_info=&#8221;{%22gcid-695690f7-1400-435d-ab5d-81e5d8a43692%22:%91%22overlay_icon_color%22%93,%22gcid-e6f8585f-043d-4f05-ad96-fb05b9e45208%22:%91%22box_shadow_color%22%93}&#8221; transform_styles__hover_enabled=&#8221;on|hover&#8221; transform_scale__hover=&#8221;90%|90%&#8221; transform_scale__hover_enabled=&#8221;on|hover&#8221; transform_translate__hover_enabled=&#8221;on|desktop&#8221; transform_rotate__hover_enabled=&#8221;on|desktop&#8221; transform_skew__hover_enabled=&#8221;on|desktop&#8221; transform_origin__hover_enabled=&#8221;on|desktop&#8221; box_shadow_spread__hover=&#8221;30px&#8221; box_shadow_spread__hover_enabled=&#8221;on|desktop&#8221;]<\/p>\n<h4>Autour de reims<\/h4>\n<p>[\/et_pb_text][\/et_pb_column][\/et_pb_row][et_pb_row column_structure=&#8221;1_2,1_2&#8243; _builder_version=&#8221;4.23&#8243; _module_preset=&#8221;default&#8221; scroll_fade_enable=&#8221;on&#8221; global_colors_info=&#8221;{}&#8221;][et_pb_column type=&#8221;1_2&#8243; _builder_version=&#8221;4.20.0&#8243; _module_preset=&#8221;default&#8221; custom_padding_tablet=&#8221;||30px||false|false&#8221; custom_padding_phone=&#8221;||30px||false|false&#8221; custom_padding_last_edited=&#8221;on|tablet&#8221; global_colors_info=&#8221;{}&#8221;][et_pb_image src=&#8221;https:\/\/paulbocquet.com\/wp-content\/uploads\/2023\/01\/1927-scaled.jpg&#8221; alt=&#8221;Villers-Allerand, 1927 (Huile sur toile)&#8221; title_text=&#8221;Villers-Allerand&#8221; url=&#8221;@ET-DC@eyJkeW5hbWljIjp0cnVlLCJjb250ZW50IjoicG9zdF9saW5rX3VybF9wYWdlIiwic2V0dGluZ3MiOnsicG9zdF9pZCI6IjI4MSJ9fQ==@&#8221; use_overlay=&#8221;on&#8221; overlay_icon_color=&#8221;gcid-695690f7-1400-435d-ab5d-81e5d8a43692&#8243; hover_overlay_color=&#8221;rgba(255,255,255,0.21)&#8221; hover_icon=&#8221;&#xe050;||divi||400&#8243; force_fullwidth=&#8221;on&#8221; _builder_version=&#8221;4.23&#8243; _dynamic_attributes=&#8221;url&#8221; _module_preset=&#8221;default&#8221; background_color=&#8221;rgba(0,0,0,0.04)&#8221; max_height=&#8221;1000px&#8221; custom_margin=&#8221;||||false|false&#8221; hover_enabled=&#8221;0&#8243; box_shadow_style=&#8221;preset1&#8243; box_shadow_color=&#8221;gcid-e6f8585f-043d-4f05-ad96-fb05b9e45208&#8243; global_colors_info=&#8221;{%22gcid-695690f7-1400-435d-ab5d-81e5d8a43692%22:%91%22overlay_icon_color%22,%22overlay_icon_color%22%93,%22gcid-e6f8585f-043d-4f05-ad96-fb05b9e45208%22:%91%22box_shadow_color%22%93}&#8221; transform_styles__hover_enabled=&#8221;on|hover&#8221; box_shadow_spread__hover=&#8221;30px&#8221; box_shadow_spread__hover_enabled=&#8221;on|desktop&#8221; transform_scale__hover=&#8221;90%|90%&#8221; transform_scale__hover_enabled=&#8221;on|hover&#8221; transform_translate__hover_enabled=&#8221;on|desktop&#8221; transform_rotate__hover_enabled=&#8221;on|desktop&#8221; transform_skew__hover_enabled=&#8221;on|desktop&#8221; transform_origin__hover_enabled=&#8221;on|desktop&#8221; sticky_enabled=&#8221;0&#8243;][\/et_pb_image][et_pb_text _builder_version=&#8221;4.23&#8243; _module_preset=&#8221;10f43538-6144-4b58-95bd-e27169fecec2&#8243; min_height=&#8221;16px&#8221; custom_margin=&#8221;||10px||false|false&#8221; global_colors_info=&#8221;{}&#8221;]<\/p>\n<h4>Villers-Allerand\u00a0<\/h4>\n<p>[\/et_pb_text][\/et_pb_column][et_pb_column type=&#8221;1_2&#8243; _builder_version=&#8221;4.20.0&#8243; _module_preset=&#8221;default&#8221; global_colors_info=&#8221;{}&#8221;][et_pb_image src=&#8221;https:\/\/paulbocquet.com\/wp-content\/uploads\/2026\/02\/Togny-aux-Boeufs_Le-moulin-de-Togny-aux-Boeufs-en-ete-1907-Huile-sur-toile-55-x-33-cm-300&#215;176.jpg&#8221; alt=&#8221;Le moulin de Togny-aux-Boeufs en \u00e9t\u00e9, 1907 (Huile sur toile, 55 x 33 cm)&#8221; title_text=&#8221;Le moulin de Togny-aux-Boeufs en \u00e9t\u00e9, 1907&#8243; url=&#8221;@ET-DC@eyJkeW5hbWljIjp0cnVlLCJjb250ZW50IjoicG9zdF9saW5rX3VybF9wYWdlIiwic2V0dGluZ3MiOnsicG9zdF9pZCI6Ijg2OCJ9fQ==@&#8221; use_overlay=&#8221;on&#8221; overlay_icon_color=&#8221;gcid-695690f7-1400-435d-ab5d-81e5d8a43692&#8243; hover_overlay_color=&#8221;rgba(255,255,255,0.21)&#8221; hover_icon=&#8221;&#xe050;||divi||400&#8243; force_fullwidth=&#8221;on&#8221; _builder_version=&#8221;4.23&#8243; _dynamic_attributes=&#8221;url&#8221; _module_preset=&#8221;default&#8221; background_color=&#8221;rgba(0,0,0,0.04)&#8221; max_height=&#8221;1000px&#8221; custom_margin=&#8221;||||false|false&#8221; box_shadow_style=&#8221;preset1&#8243; box_shadow_color=&#8221;gcid-e6f8585f-043d-4f05-ad96-fb05b9e45208&#8243; global_colors_info=&#8221;{%22gcid-695690f7-1400-435d-ab5d-81e5d8a43692%22:%91%22overlay_icon_color%22,%22overlay_icon_color%22%93,%22gcid-e6f8585f-043d-4f05-ad96-fb05b9e45208%22:%91%22box_shadow_color%22%93}&#8221; transform_styles__hover_enabled=&#8221;on|hover&#8221; box_shadow_spread__hover=&#8221;30px&#8221; box_shadow_spread__hover_enabled=&#8221;on|desktop&#8221; transform_scale__hover=&#8221;90%|90%&#8221; transform_scale__hover_enabled=&#8221;on|hover&#8221; transform_translate__hover_enabled=&#8221;on|desktop&#8221; transform_rotate__hover_enabled=&#8221;on|desktop&#8221; transform_skew__hover_enabled=&#8221;on|desktop&#8221; transform_origin__hover_enabled=&#8221;on|desktop&#8221;][\/et_pb_image][et_pb_text _builder_version=&#8221;4.23&#8243; _module_preset=&#8221;10f43538-6144-4b58-95bd-e27169fecec2&#8243; locked=&#8221;off&#8221; global_colors_info=&#8221;{}&#8221;]<\/p>\n<h4>Togny-aux-Boeufs<\/h4>\n<p>[\/et_pb_text][et_pb_image src=&#8221;https:\/\/paulbocquet.com\/wp-content\/uploads\/2023\/01\/1907-huile-sur-toile-57-x-48-cm-scaled.jpg&#8221; alt=&#8221;La Guenelle en \u00e9t\u00e9, 1907 (Huile sur toile, 57 x 48 cm)&#8221; title_text=&#8221;La Guenelle en \u00e9t\u00e9&#8221; url=&#8221;@ET-DC@eyJkeW5hbWljIjp0cnVlLCJjb250ZW50IjoicG9zdF9saW5rX3VybF9wYWdlIiwic2V0dGluZ3MiOnsicG9zdF9pZCI6Ijg2NyJ9fQ==@&#8221; use_overlay=&#8221;on&#8221; overlay_icon_color=&#8221;gcid-695690f7-1400-435d-ab5d-81e5d8a43692&#8243; hover_overlay_color=&#8221;rgba(255,255,255,0.21)&#8221; hover_icon=&#8221;&#xe050;||divi||400&#8243; force_fullwidth=&#8221;on&#8221; _builder_version=&#8221;4.23&#8243; _dynamic_attributes=&#8221;url&#8221; _module_preset=&#8221;default&#8221; background_color=&#8221;rgba(0,0,0,0.04)&#8221; max_height=&#8221;1000px&#8221; custom_margin=&#8221;||||false|false&#8221; box_shadow_style=&#8221;preset1&#8243; box_shadow_color=&#8221;gcid-e6f8585f-043d-4f05-ad96-fb05b9e45208&#8243; global_colors_info=&#8221;{%22gcid-695690f7-1400-435d-ab5d-81e5d8a43692%22:%91%22overlay_icon_color%22,%22overlay_icon_color%22%93,%22gcid-e6f8585f-043d-4f05-ad96-fb05b9e45208%22:%91%22box_shadow_color%22%93}&#8221; transform_styles__hover_enabled=&#8221;on|hover&#8221; box_shadow_spread__hover=&#8221;30px&#8221; box_shadow_spread__hover_enabled=&#8221;on|desktop&#8221; transform_scale__hover=&#8221;90%|90%&#8221; transform_scale__hover_enabled=&#8221;on|hover&#8221; transform_translate__hover_enabled=&#8221;on|desktop&#8221; transform_rotate__hover_enabled=&#8221;on|desktop&#8221; transform_skew__hover_enabled=&#8221;on|desktop&#8221; transform_origin__hover_enabled=&#8221;on|desktop&#8221;][\/et_pb_image][et_pb_text _builder_version=&#8221;4.20.0&#8243; _module_preset=&#8221;10f43538-6144-4b58-95bd-e27169fecec2&#8243; custom_margin=&#8221;||10px||false|false&#8221; locked=&#8221;off&#8221; global_colors_info=&#8221;{}&#8221;]<\/p>\n<h4>La GuenellE<\/h4>\n<p>[\/et_pb_text][\/et_pb_column][\/et_pb_row][\/et_pb_section]<\/p>\n","protected":false},"excerpt":{"rendered":"<p>Les Paysages ChampenoisLa VesleAutour de reimsVillers-Allerand\u00a0Togny-aux-BoeufsLa GuenellE<\/p>\n","protected":false},"author":2,"featured_media":0,"parent":369,"menu_order":0,"comment_status":"closed","ping_status":"closed","template":"","meta":{"_et_pb_use_builder":"on","_et_pb_old_content":"<!-- wp:media-text {\"align\":\"wide\",\"mediaPosition\":\"right\",\"mediaId\":318,\"linkDestination\":\"custom\",\"mediaType\":\"image\",\"mediaWidth\":55,\"verticalAlignment\":\"center\",\"imageFill\":false,\"style\":{\"spacing\":{\"padding\":{\"top\":\"var:preset|spacing|60\",\"bottom\":\"var:preset|spacing|60\",\"left\":\"var:preset|spacing|60\",\"right\":\"var:preset|spacing|60\"}}},\"className\":\"is-style-twentytwentyone-border\",\"fontSize\":\"huge\"} -->\n<div class=\"wp-block-media-text alignwide has-media-on-the-right is-stacked-on-mobile is-vertically-aligned-center is-style-twentytwentyone-border has-huge-font-size\" style=\"padding-top:var(--wp--preset--spacing--60);padding-right:var(--wp--preset--spacing--60);padding-bottom:var(--wp--preset--spacing--60);padding-left:var(--wp--preset--spacing--60);grid-template-columns:auto 55%\"><div class=\"wp-block-media-text__content\"><!-- wp:paragraph {\"placeholder\":\"Content\u2026\",\"style\":{\"typography\":{\"fontStyle\":\"normal\",\"fontWeight\":\"200\"}},\"fontSize\":\"extra-large\"} -->\n<p class=\"has-extra-large-font-size\" style=\"font-style:normal;font-weight:200\">La Vesle<\/p>\n<!-- \/wp:paragraph --><\/div><figure class=\"wp-block-media-text__media\"><a href=\"https:\/\/paulbocquet.com\/oeuvre\/paysages-champenois\/la-vesle\/\"><img src=\"https:\/\/iamantwanb.wordpress.com\/wp-content\/uploads\/2023\/05\/la-vesle-a-jonchery-1928-1895-x-1545-cm.jpg?w=750\" alt=\"\" class=\"wp-image-318 size-full\" \/><\/a><\/figure><\/div>\n<!-- \/wp:media-text -->\n\n<!-- wp:media-text {\"align\":\"wide\",\"mediaId\":264,\"linkDestination\":\"custom\",\"mediaType\":\"image\",\"mediaWidth\":53,\"verticalAlignment\":\"center\",\"imageFill\":false,\"style\":{\"spacing\":{\"padding\":{\"top\":\"var:preset|spacing|60\",\"bottom\":\"var:preset|spacing|60\",\"left\":\"var:preset|spacing|60\",\"right\":\"var:preset|spacing|60\"}}},\"className\":\"is-style-twentytwentyone-border\",\"fontSize\":\"huge\"} -->\n<div class=\"wp-block-media-text alignwide is-stacked-on-mobile is-vertically-aligned-center is-style-twentytwentyone-border has-huge-font-size\" style=\"padding-top:var(--wp--preset--spacing--60);padding-right:var(--wp--preset--spacing--60);padding-bottom:var(--wp--preset--spacing--60);padding-left:var(--wp--preset--spacing--60);grid-template-columns:53% auto\"><figure class=\"wp-block-media-text__media\"><a href=\"https:\/\/paulbocquet.com\/oeuvre\/paysages-champenois\/villers-allerand\/\"><img src=\"https:\/\/iamantwanb.wordpress.com\/wp-content\/uploads\/2023\/05\/villers-allerand-en-fin-dete-1937-huile-sur-toile.jpg?w=750\" alt=\"\" class=\"wp-image-264 size-full\" \/><\/a><\/figure><div class=\"wp-block-media-text__content\"><!-- wp:paragraph {\"placeholder\":\"Content\u2026\",\"style\":{\"typography\":{\"fontStyle\":\"normal\",\"fontWeight\":\"200\"}},\"fontSize\":\"extra-large\"} -->\n<p class=\"has-extra-large-font-size\" style=\"font-style:normal;font-weight:200\">Villers-Allerand<\/p>\n<!-- \/wp:paragraph --><\/div><\/div>\n<!-- \/wp:media-text -->\n\n<!-- wp:media-text {\"align\":\"wide\",\"mediaPosition\":\"right\",\"mediaId\":244,\"linkDestination\":\"custom\",\"mediaType\":\"image\",\"mediaWidth\":46,\"verticalAlignment\":\"center\",\"imageFill\":false,\"style\":{\"spacing\":{\"padding\":{\"top\":\"var:preset|spacing|60\",\"bottom\":\"var:preset|spacing|60\",\"left\":\"var:preset|spacing|60\",\"right\":\"var:preset|spacing|60\"}}},\"className\":\"is-style-twentytwentyone-border\",\"fontSize\":\"huge\"} -->\n<div class=\"wp-block-media-text alignwide has-media-on-the-right is-stacked-on-mobile is-vertically-aligned-center is-style-twentytwentyone-border has-huge-font-size\" style=\"padding-top:var(--wp--preset--spacing--60);padding-right:var(--wp--preset--spacing--60);padding-bottom:var(--wp--preset--spacing--60);padding-left:var(--wp--preset--spacing--60);grid-template-columns:auto 46%\"><div class=\"wp-block-media-text__content\"><!-- wp:paragraph {\"placeholder\":\"Content\u2026\",\"style\":{\"typography\":{\"fontStyle\":\"normal\",\"fontWeight\":\"200\"}},\"fontSize\":\"extra-large\"} -->\n<p class=\"has-extra-large-font-size\" style=\"font-style:normal;font-weight:200\">La Guenelle<\/p>\n<!-- \/wp:paragraph --><\/div><figure class=\"wp-block-media-text__media\"><a href=\"https:\/\/paulbocquet.com\/oeuvre\/paysages-champenois\/la-guenelle\/\"><img src=\"https:\/\/iamantwanb.wordpress.com\/wp-content\/uploads\/2023\/05\/la-guenelle-a-togny-aux-boeufs-1909-huile-sur-toile-72-x-53-cm.jpg?w=750\" alt=\"La Guenelle a\u0300 Togny-aux-Boeufs, 1909 (Huile sur toile, 72 x 53 cm)\" class=\"wp-image-244 size-full\" \/><\/a><\/figure><\/div>\n<!-- \/wp:media-text -->\n\n<!-- wp:media-text {\"align\":\"wide\",\"mediaId\":832,\"linkDestination\":\"custom\",\"mediaType\":\"image\",\"mediaWidth\":53,\"verticalAlignment\":\"center\",\"imageFill\":false,\"style\":{\"spacing\":{\"padding\":{\"top\":\"var:preset|spacing|60\",\"bottom\":\"var:preset|spacing|60\",\"left\":\"var:preset|spacing|60\",\"right\":\"var:preset|spacing|60\"}}},\"className\":\"is-style-twentytwentyone-border\",\"fontSize\":\"huge\"} -->\n<div class=\"wp-block-media-text alignwide is-stacked-on-mobile is-vertically-aligned-center is-style-twentytwentyone-border has-huge-font-size\" style=\"padding-top:var(--wp--preset--spacing--60);padding-right:var(--wp--preset--spacing--60);padding-bottom:var(--wp--preset--spacing--60);padding-left:var(--wp--preset--spacing--60);grid-template-columns:53% auto\"><figure class=\"wp-block-media-text__media\"><a href=\"https:\/\/paulbocquet.com\/oeuvre\/paysages-champenois\/togny-aux-boeufs\/\"><img src=\"https:\/\/iamantwanb.wordpress.com\/wp-content\/uploads\/2023\/09\/togny-aux-boeufs_le-moulin-en-ete-1907-huile-sur-toile-55-x-33-cm.jpg?w=750\" alt=\"Le moulin de Togny-aux-Boeufs en e\u0301te\u0301, 1907\" class=\"wp-image-832 size-full\" \/><\/a><\/figure><div class=\"wp-block-media-text__content\"><!-- wp:paragraph {\"placeholder\":\"Content\u2026\",\"style\":{\"typography\":{\"fontStyle\":\"normal\",\"fontWeight\":\"200\"}},\"fontSize\":\"extra-large\"} -->\n<p class=\"has-extra-large-font-size\" style=\"font-style:normal;font-weight:200\">Togny-aux-Boeufs<\/p>\n<!-- \/wp:paragraph --><\/div><\/div>\n<!-- \/wp:media-text -->\n\n<!-- wp:media-text {\"align\":\"wide\",\"mediaPosition\":\"right\",\"mediaId\":38,\"linkDestination\":\"custom\",\"mediaType\":\"image\",\"mediaWidth\":38,\"verticalAlignment\":\"center\",\"imageFill\":false,\"style\":{\"spacing\":{\"padding\":{\"top\":\"var:preset|spacing|60\",\"bottom\":\"var:preset|spacing|60\",\"left\":\"var:preset|spacing|60\",\"right\":\"var:preset|spacing|60\"}}},\"className\":\"is-style-twentytwentyone-border\",\"fontSize\":\"huge\"} -->\n<div class=\"wp-block-media-text alignwide has-media-on-the-right is-stacked-on-mobile is-vertically-aligned-center is-style-twentytwentyone-border has-huge-font-size\" style=\"padding-top:var(--wp--preset--spacing--60);padding-right:var(--wp--preset--spacing--60);padding-bottom:var(--wp--preset--spacing--60);padding-left:var(--wp--preset--spacing--60);grid-template-columns:auto 38%\"><div class=\"wp-block-media-text__content\"><!-- wp:paragraph {\"placeholder\":\"Content\u2026\",\"style\":{\"typography\":{\"fontStyle\":\"normal\",\"fontWeight\":\"200\"}},\"fontSize\":\"extra-large\"} -->\n<p class=\"has-extra-large-font-size\" style=\"font-style:normal;font-weight:200\">Autour de Reims<\/p>\n<!-- \/wp:paragraph --><\/div><figure class=\"wp-block-media-text__media\"><a href=\"https:\/\/paulbocquet.com\/oeuvre\/paysages-champenois\/autour-de-reims\/\"><img src=\"https:\/\/iamantwanb.wordpress.com\/wp-content\/uploads\/2023\/01\/rue-de-la-bonne-femme-feaubourg-flechambeau-1906.jpg?w=750\" alt=\"Rue de la Bonne Femme, Feaubourg Flechambeau \u00e0 Reims, 1906\" class=\"wp-image-38 size-full\" \/><\/a><\/figure><\/div>\n<!-- \/wp:media-text -->","_et_gb_content_width":"","footnotes":""},"class_list":["post-194","page","type-page","status-publish","hentry"],"_links":{"self":[{"href":"https:\/\/paulbocquet.com\/index.php\/wp-json\/wp\/v2\/pages\/194","targetHints":{"allow":["GET"]}}],"collection":[{"href":"https:\/\/paulbocquet.com\/index.php\/wp-json\/wp\/v2\/pages"}],"about":[{"href":"https:\/\/paulbocquet.com\/index.php\/wp-json\/wp\/v2\/types\/page"}],"author":[{"embeddable":true,"href":"https:\/\/paulbocquet.com\/index.php\/wp-json\/wp\/v2\/users\/2"}],"replies":[{"embeddable":true,"href":"https:\/\/paulbocquet.com\/index.php\/wp-json\/wp\/v2\/comments?post=194"}],"version-history":[{"count":12,"href":"https:\/\/paulbocquet.com\/index.php\/wp-json\/wp\/v2\/pages\/194\/revisions"}],"predecessor-version":[{"id":3027,"href":"https:\/\/paulbocquet.com\/index.php\/wp-json\/wp\/v2\/pages\/194\/revisions\/3027"}],"up":[{"embeddable":true,"href":"https:\/\/paulbocquet.com\/index.php\/wp-json\/wp\/v2\/pages\/369"}],"wp:attachment":[{"href":"https:\/\/paulbocquet.com\/index.php\/wp-json\/wp\/v2\/media?parent=194"}],"curies":[{"name":"wp","href":"https:\/\/api.w.org\/{rel}","templated":true}]}}